{"id":1061,"date":"2020-03-12T22:07:38","date_gmt":"2020-03-12T21:07:38","guid":{"rendered":"http:\/\/www.grilleontour.de\/?page_id=1061"},"modified":"2023-02-20T11:52:47","modified_gmt":"2023-02-20T10:52:47","slug":"datenschutzerklaerung","status":"publish","type":"page","link":"https:\/\/www.grilleontour.de\/?page_id=1061","title":{"rendered":"Datenschutzerkl\u00e4rung"},"content":{"rendered":"\n<h1 class=\"wp-block-heading\">Datenschutzerkl\u00e4rung<\/h1>\n\n\n\n<h2 class=\"wp-block-heading\">Datenschutzerkl\u00e4rung \/ Data Privacy Policy<\/h2>\n\n\n\n<p>Die Nutzung unserer Seite ist ohne eine Angabe von personenbezogenen Daten m\u00f6glich. F\u00fcr die Nutzung einzelner Services unserer Seite k\u00f6nnen sich hierf\u00fcr abweichende Regelungen ergeben, die in diesem Falle nachstehend gesondert erl\u00e4utert werden. Ihre personenbezogenen Daten (z.B. Name, E-Mail u. \u00c4.) werden von uns nur gem\u00e4\u00df den Bestimmungen des deutschen Datenschutzrechts verarbeitet. Daten sind dann personenbezogen, wenn sie eindeutig einer bestimmten nat\u00fcrlichen Person zugeordnet werden k\u00f6nnen. Die rechtlichen Grundlagen des Datenschutzes finden Sie im Bundesdatenschutzgesetz (BDSG) und dem Telemediengesetz (TMG). Nachstehende Regelungen informieren Sie insoweit \u00fcber die Art, den Umfang und Zweck der Erhebung, die Nutzung und die Verarbeitung von personenbezogenen Daten durch den Anbieter<\/p>\n\n\n\n<p>Heike Schwedhelm&nbsp;&nbsp;&nbsp;&nbsp;&nbsp;&nbsp;&nbsp;&nbsp; admin@grilleontour.de<\/p>\n\n\n\n<p>Wir weisen darauf hin, dass die internetbasierte Daten\u00fcbertragung Sicherheitsl\u00fccken aufweist, ein l\u00fcckenloser Schutz vor Zugriffen durch Dritte somit unm\u00f6glich ist.<\/p>\n\n\n\n<h4 class=\"wp-block-heading\">Newsletter<\/h4>\n\n\n\n<p>Wir bieten Ihnen auf unserer Seite die M\u00f6glichkeit, unseren Newsletter zu abonnieren. Mit diesem Newsletter informieren wir in regelm\u00e4\u00dfigen Abst\u00e4nden \u00fcber unsere Angebote. Um unseren Newsletter empfangen zu k\u00f6nnen, ben\u00f6tigen Sie eine g\u00fcltige E-Mailadresse. Die von Ihnen eingetragene E-Mail-Adresse werden wir dahingehend \u00fcberpr\u00fcfen, ob Sie tats\u00e4chlich der Inhaber der angegebenen E-Mail-Adresse sind bzw. deren Inhaber den Empfang des Newsletters autorisiert ist. Mit Ihrer Anmeldung zu unserem Newsletter werden wir Ihre IP-Adresse und das Datum sowie die Uhrzeit Ihrer Anmeldung speichern. Dies dient in dem Fall, dass ein Dritter Ihre E-Mail-Adresse missbraucht und ohne Ihr Wissen unseren Newsletter abonniert, als Absicherung unsererseits. Weitere Daten werden unsererseits nicht erhoben. Die so erhobenen Daten werden ausschlie\u00dflich f\u00fcr den Bezug unseres Newsletters verwendet. Eine Weitergabe an Dritte erfolgt nicht. Ein Abgleich der so erhobenen Daten mit Daten, die m\u00f6glicherweise durch andere Komponenten unserer Seite erhoben werden, erfolgt ebenfalls nicht. Das Abonnement dieses Newsletters k\u00f6nnen Sie jederzeit k\u00fcndigen. Einzelheiten hierzu k\u00f6nnen Sie der Best\u00e4tigungsmail sowie jedem einzelnen Newsletter entnehmen.<\/p>\n\n\n\n<h4 class=\"wp-block-heading\">Kontaktm\u00f6glichkeit<\/h4>\n\n\n\n<p>Wir bieten Ihnen auf unserer Seite die M\u00f6glichkeit, mit uns per E-Mail und\/oder \u00fcber ein Kontaktformular in Verbindung zu treten. In diesem Fall werden die vom Nutzer gemachten Angaben zum Zwecke der Bearbeitung seiner Kontaktaufnahme gespeichert. Eine Weitergabe an Dritte erfolgt nicht. Ein Abgleich der so erhobenen Daten mit Daten, die m\u00f6glicherweise durch andere Komponenten unserer Seite erhoben werden, erfolgt ebenfalls nicht.<\/p>\n\n\n\n<h4 class=\"wp-block-heading\">Kommentarm\u00f6glichkeit<\/h4>\n\n\n\n<p>Wir bieten Ihnen auf unserer Seite die M\u00f6glichkeit, Kommentare zu den einzelnen Beitr\u00e4gen zu hinterlassen. Hierbei wird die IP- Adresse des Verfassers\/Anschlussinhabers gespeichert. Diese Speicherung erfolgt zu unserer Sicherheit f\u00fcr den Fall, dass vom Verfasser durch seinen Kommentar hierbei in Rechte Dritter eingegriffen wird und\/oder widerrechtliche Inhalte abgesetzt werden. Somit besteht ein Eigeninteresse unsererseits an den gespeicherten Daten des Verfassers, zumal wir unter Umst\u00e4nden wegen derartigen Rechtsverletzungen belangt werden k\u00f6nnen. Eine Weitergabe an Dritte erfolgt nicht. Ein Abgleich der so erhobenen Daten mit Daten, die m\u00f6glicherweise durch andere Komponenten unserer Seite erhoben werden, erfolgt ebenfalls nicht.<\/p>\n\n\n\n<h3 class=\"wp-block-heading\">Auskunft\/Widerruf\/L\u00f6schung<\/h3>\n\n\n\n<p>Sie k\u00f6nnen sich aufgrund des Bundesdatenschutzgesetzes bei Fragen zur Erhebung, Verarbeitung oder Nutzung Ihrer personenbezogenen Daten und deren Berichtigung, Sperrung, L\u00f6schung oder einem Widerruf einer erteilten Einwilligung unentgeltlich an uns wenden. Wir weisen darauf hin, dass Ihnen ein Recht auf Berichtigung falscher Daten oder L\u00f6schung personenbezogener Daten zusteht, sollte diesem Anspruch keine gesetzliche Aufbewahrungspflicht entgegenstehen.<\/p>\n\n\n\n<p>Aufbewahrungspflicht entgegenstehen.<\/p>\n\n\n\n<p><a href=\"https:\/\/www.ratgeberrecht.eu\/leistungen\/muster-datenschutzerklaerung.html\">Muster-Datenschutzerkl\u00e4rung<\/a>\u00a0der\u00a0<a href=\"https:\/\/www.ratgeberrecht.eu\/\">Anwaltskanzlei Wei\u00df &amp; Partner<\/a><\/p>\n\n\n\n<p><\/p>\n","protected":false},"excerpt":{"rendered":"<p>Datenschutzerkl\u00e4rung Datenschutzerkl\u00e4rung \/ Data Privacy Policy Die Nutzung unserer Seite ist ohne eine Angabe von personenbezogenen Daten m\u00f6glich. F\u00fcr die Nutzung einzelner Services unserer Seite k\u00f6nnen sich hierf\u00fcr abweichende Regelungen ergeben, die in diesem Falle nachstehend gesondert erl\u00e4utert werden. Ihre personenbezogenen Daten (z.B. Name, E-Mail u. \u00c4.) werden von uns nur gem\u00e4\u00df den Bestimmungen des &hellip; <\/p>\n<p class=\"link-more\"><a href=\"https:\/\/www.grilleontour.de\/?page_id=1061\" class=\"more-link\"><span class=\"screen-reader-text\">\u201eDatenschutzerkl\u00e4rung\u201c <\/span>weiterlesen<\/a><\/p>\n","protected":false},"author":1,"featured_media":0,"parent":0,"menu_order":0,"comment_status":"closed","ping_status":"closed","template":"","meta":{"jetpack_post_was_ever_published":false,"footnotes":""},"class_list":["post-1061","page","type-page","status-publish","hentry"],"jetpack_sharing_enabled":true,"jetpack_shortlink":"https:\/\/wp.me\/P9aKub-h7","jetpack_likes_enabled":true,"jetpack-related-posts":[{"id":2,"url":"https:\/\/www.grilleontour.de\/?page_id=2","url_meta":{"origin":1061,"position":0},"title":"Beispiel-Seite","author":"admin","date":"21. Oktober 2015","format":false,"excerpt":"Dies ist eine Beispiel-Seite. Sie unterscheidet sich von Beitr\u00e4gen, weil sie stets an der selben Stelle bleibt und (bei den meisten Themes) in der Navigationsleiste angezeigt wird. Die meisten Leute starten mit einer \u201e\u00dcber uns\u201c-Seite mit einer Vorstellung f\u00fcr m\u00f6gliche Besucher der Website. Dort k\u00f6nnte zum Beispiel stehen: Hallo! Tags\u00fcber\u2026","rel":"","context":"\u00c4hnlicher Beitrag","block_context":{"text":"\u00c4hnlicher Beitrag","link":""},"img":{"alt_text":"","src":"","width":0,"height":0},"classes":[]}],"post_mailing_queue_ids":[],"_links":{"self":[{"href":"https:\/\/www.grilleontour.de\/index.php?rest_route=\/wp\/v2\/pages\/1061","targetHints":{"allow":["GET"]}}],"collection":[{"href":"https:\/\/www.grilleontour.de\/index.php?rest_route=\/wp\/v2\/pages"}],"about":[{"href":"https:\/\/www.grilleontour.de\/index.php?rest_route=\/wp\/v2\/types\/page"}],"author":[{"embeddable":true,"href":"https:\/\/www.grilleontour.de\/index.php?rest_route=\/wp\/v2\/users\/1"}],"replies":[{"embeddable":true,"href":"https:\/\/www.grilleontour.de\/index.php?rest_route=%2Fwp%2Fv2%2Fcomments&post=1061"}],"version-history":[{"count":3,"href":"https:\/\/www.grilleontour.de\/index.php?rest_route=\/wp\/v2\/pages\/1061\/revisions"}],"predecessor-version":[{"id":2263,"href":"https:\/\/www.grilleontour.de\/index.php?rest_route=\/wp\/v2\/pages\/1061\/revisions\/2263"}],"wp:attachment":[{"href":"https:\/\/www.grilleontour.de\/index.php?rest_route=%2Fwp%2Fv2%2Fmedia&parent=1061"}],"curies":[{"name":"wp","href":"https:\/\/api.w.org\/{rel}","templated":true}]}}